{"id":935,"date":"2011-03-03T10:48:26","date_gmt":"2011-03-03T10:48:26","guid":{"rendered":"http:\/\/www.francois-couturier.fr\/?page_id=935"},"modified":"2017-06-22T14:39:04","modified_gmt":"2017-06-22T14:39:04","slug":"creation-audovisuelle-quartet-nostalghia-andrej-a-tarkovky","status":"publish","type":"page","link":"http:\/\/www.francois-couturier.fr\/?page_id=935","title":{"rendered":"&#8211;   Cr\u00e9ation audovisuelle \u00ab\u00a0Le temps scell\u00e9\u00a0\u00bb"},"content":{"rendered":"<p align=\"CENTER\">\n<p align=\"CENTER\"><a href=\"http:\/\/www.francois-couturier.fr\/wp-content\/uploads\/2011\/03\/TQ+-Andrej.jpg\"><img loading=\"lazy\" decoding=\"async\" class=\"alignleft size-medium wp-image-1271\" src=\"http:\/\/www.francois-couturier.fr\/wp-content\/uploads\/2011\/03\/TQ+-Andrej-300x208.jpg\" alt=\"TQ+ Andrej.A.Tarkovsky\" width=\"300\" height=\"208\" srcset=\"http:\/\/www.francois-couturier.fr\/wp-content\/uploads\/2011\/03\/TQ+-Andrej-300x208.jpg 300w, http:\/\/www.francois-couturier.fr\/wp-content\/uploads\/2011\/03\/TQ+-Andrej-1024x710.jpg 1024w\" sizes=\"(max-width: 300px) 100vw, 300px\" \/><\/a><\/p>\n<p align=\"CENTER\">\n<p align=\"CENTER\">\n<p align=\"CENTER\">\n<p align=\"CENTER\"><span>Voir la video de pr\u00e9sentation\u00a0 <a href=\"https:\/\/vimeo.com\/68772527 \">https:\/\/vimeo.com\/68772527 <\/a><br \/>\n<\/span><\/p>\n<p align=\"CENTER\"><span style=\"color: #800000;\"><b style=\"font-size: 16px; font-family: arial,helvetica,sans-serif; color: #add8e6;\">Tarkovsky Quartet et Andrei Tarkovski<\/b><\/span><\/p>\n<p align=\"CENTER\"><span style=\"color: #add8e6;\"><span style=\"font-size: 9px;\"><i>(Production de la Fondation Royaumont) <\/i><\/span> <\/span><\/p>\n<p align=\"CENTER\">\n<p align=\"CENTER\"><span style=\"font-size: 14px;\"><br \/>\n<\/span><\/p>\n<p class=\"MsoNormal\" style=\"margin-left: 35.4pt;\"><span style=\"font-size: 12px;\"><br \/>\n<\/span><\/p>\n<p class=\"MsoNormal\" style=\"margin-left: 35.4pt;\"><span style=\"color: #808080; font-size: 11pt;\"><span style=\"font-family: arial,helvetica,sans-serif;\">Passionn\u00e9 par l\u2019\u0153uvre d\u2019Andrei Tarkovski, le pianiste Fran\u00e7ois Couturier rend hommage au cin\u00e9aste en lui d\u00e9diant trois disques, trilogie compos\u00e9e et enregistr\u00e9e pour le label ECM entre 2006 et 2011. En 2006, il rencontre Andrei A.Tarkovski, fils du r\u00e9alisateur et c\u2019est alors que germe en eux l\u2019id\u00e9e d\u2019un projet audiovisuel commun.<\/span><\/span><\/p>\n<p class=\"MsoNormal\" style=\"margin-left: 35.4pt;\"><span style=\"color: #afeeee;\"><span style=\"font-family: arial,helvetica,sans-serif;\"><span style=\"font-size: small;\"><span style=\"font-size: 11pt;\"><span style=\"color: #808080;\">Apr\u00e8s \u00ab Nostalghia, Song for Tarkovsky \u00bb, fruit d\u2019une premi\u00e8re exp\u00e9rience, c\u2019est un tout nouveau spectacle qui est produit et sera pr\u00e9sent\u00e9 \u00e0 la Fondation Royaumont le 16 Septembre 2012 .<\/span><br \/>\n<span style=\"color: #808080;\"> Dans <b>\u00ab Le temps scell\u00e9 \u00bb<\/b>, la musique du \u00a0\u00bb Tarkovsky quartet \u00ab\u00a0, imagin\u00e9e \u00a0comme un reflet de l\u2019univers pictural du cin\u00e9aste, devient \u00e0 son tour miroir et source d\u2019inspiration pour l\u2019image.<\/span><br \/>\n<span style=\"color: #808080;\"> Lors de cette mise en ab\u00eeme, Andrei A. Tarkovski r\u00e9agit \u00e0 la musique du quartet en temps r\u00e9el:<\/span><br \/>\n<span style=\"color: #808080;\"> &#8211; Projection d\u2019images fixes : polaroids \u00a0extraits de film, archives personnelles \u2026<\/span><br \/>\n<span style=\"color: #808080;\"> &#8211; Projection de sc\u00e8nes de films avec ou sans la bande sonore originale: Le Miroir, Andrei Roublev, Stalker \u2026<\/span><br \/>\n<span style=\"color: #808080;\"> &#8211; Diffusion de lectures de textes extraits de \u00ab\u00a0L&rsquo;Apocalypse\u00a0\u00bb ou de po\u00e8mes d&rsquo;Arseni Tarkovski p\u00e8re du cin\u00e9aste \u00a0.<\/span><br \/>\n<span style=\"color: #808080;\"> Le spectateur est immerg\u00e9 dans le myst\u00e9rieux univers po\u00e9tique et spirituel de l\u2019artiste, <\/span><br \/>\n<span style=\"color: #808080;\"> Plus qu\u2019une lecture didactique \u00a0de la vie et de l\u2019\u0153uvre du g\u00e9nial r\u00e9alisateur russe, \u00ab le temps scell\u00e9 \u00bb est \u00a0un lieu de rencontres \u00e9motionnelles \u00a0o\u00f9 chaque participant, dans le domaine qui est le sien, \u00a0rend hommage au grand artiste et maestro disparu.<\/span><br \/>\n<\/span> <\/span><\/span><\/span><\/p>\n<p class=\"MsoNormal\" style=\"text-align: justify;\"><span style=\"color: #afeeee;\"><span style=\"font-family: arial,helvetica,sans-serif;\"><br \/>\n<\/span><\/span><\/p>\n<p class=\"MsoNormal\" style=\"text-align: justify;\"><a href=\"http:\/\/www.francois-couturier.fr\/wp-content\/uploads\/2011\/03\/T-Quartet-+-1-2.jpg\"><img loading=\"lazy\" decoding=\"async\" class=\"aligncenter size-medium wp-image-1781\" title=\"T Quartet + 1 - 2\" src=\"http:\/\/www.francois-couturier.fr\/wp-content\/uploads\/2011\/03\/T-Quartet-+-1-2-300x199.jpg\" alt=\"\" width=\"300\" height=\"199\" srcset=\"http:\/\/www.francois-couturier.fr\/wp-content\/uploads\/2011\/03\/T-Quartet-+-1-2-300x199.jpg 300w, http:\/\/www.francois-couturier.fr\/wp-content\/uploads\/2011\/03\/T-Quartet-+-1-2-1024x681.jpg 1024w\" sizes=\"(max-width: 300px) 100vw, 300px\" \/><\/a><\/p>\n<p>&nbsp;<\/p>\n<p>&nbsp;<\/p>\n<table border=\"0\" width=\"100%\" cellspacing=\"0\" cellpadding=\"0\" align=\"left\">\n<tbody>\n<tr>\n<td colspan=\"6\">\n<table class=\"lauftext\" border=\"0\" width=\"395\" cellspacing=\"0\" cellpadding=\"0\">\n<tbody>\n<tr valign=\"top\">\n<td><\/td>\n<td><\/td>\n<td><\/td>\n<td><\/td>\n<td colspan=\"3\"><\/td>\n<td><\/td>\n<td><\/td>\n<\/tr>\n<\/tbody>\n<\/table>\n<\/td>\n<\/tr>\n<\/tbody>\n<\/table>\n<table border=\"0\" width=\"100%\" cellspacing=\"0\" cellpadding=\"0\">\n<tbody>\n<tr>\n<td colspan=\"5\"><img loading=\"lazy\" decoding=\"async\" src=\"http:\/\/www.ecmrecords.com\/layout\/space.gif\" width=\"16\" height=\"16\" \/><\/td>\n<\/tr>\n<\/tbody>\n<\/table>\n<p class=\"MsoNormal\" style=\"text-align: justify;\"><em>\u00a0<\/em><\/p>\n<p>&nbsp;<\/p>\n<p class=\"MsoNormal\" style=\"text-align: justify;\"><a href=\"http:\/\/www.francois-couturier.fr\/wp-content\/uploads\/2011\/03\/Acinema187.jpg\"><img loading=\"lazy\" decoding=\"async\" class=\"aligncenter size-medium wp-image-1725\" title=\"Acinema187\" src=\"http:\/\/www.francois-couturier.fr\/wp-content\/uploads\/2011\/03\/Acinema187-279x300.jpg\" alt=\"\" width=\"200\" height=\"215\" srcset=\"http:\/\/www.francois-couturier.fr\/wp-content\/uploads\/2011\/03\/Acinema187-279x300.jpg 279w, http:\/\/www.francois-couturier.fr\/wp-content\/uploads\/2011\/03\/Acinema187.jpg 897w\" sizes=\"(max-width: 200px) 100vw, 200px\" \/><\/a><br \/>\n<em> <span style=\"font-size: 10px;\"><b><br \/>\n<\/b><\/span><b><span style=\"font-size: 14pt;\"> \u00a0<\/span><\/b> <\/em><\/p>\n","protected":false},"excerpt":{"rendered":"<p>Voir la video de pr\u00e9sentation\u00a0 https:\/\/vimeo.com\/68772527 Tarkovsky Quartet et Andrei Tarkovski (Production de la Fondation Royaumont) Passionn\u00e9 par l\u2019\u0153uvre d\u2019Andrei Tarkovski, le pianiste Fran\u00e7ois Couturier rend hommage au cin\u00e9aste en lui d\u00e9diant trois disques, trilogie compos\u00e9e et enregistr\u00e9e pour le label ECM entre 2006 et 2011. En 2006, il rencontre Andrei A.Tarkovski, fils du r\u00e9alisateur &hellip; <\/p>\n<p class=\"link-more\"><a href=\"http:\/\/www.francois-couturier.fr\/?page_id=935\" class=\"more-link\">Continuer la lecture<span class=\"screen-reader-text\"> de &laquo;&nbsp;&#8211;   Cr\u00e9ation audovisuelle \u00ab\u00a0Le temps scell\u00e9\u00a0\u00bb&nbsp;&raquo;<\/span><\/a><\/p>\n","protected":false},"author":1,"featured_media":0,"parent":61,"menu_order":4,"comment_status":"closed","ping_status":"open","template":"","meta":{"footnotes":""},"jetpack_sharing_enabled":true,"_links":{"self":[{"href":"http:\/\/www.francois-couturier.fr\/index.php?rest_route=\/wp\/v2\/pages\/935"}],"collection":[{"href":"http:\/\/www.francois-couturier.fr\/index.php?rest_route=\/wp\/v2\/pages"}],"about":[{"href":"http:\/\/www.francois-couturier.fr\/index.php?rest_route=\/wp\/v2\/types\/page"}],"author":[{"embeddable":true,"href":"http:\/\/www.francois-couturier.fr\/index.php?rest_route=\/wp\/v2\/users\/1"}],"replies":[{"embeddable":true,"href":"http:\/\/www.francois-couturier.fr\/index.php?rest_route=%2Fwp%2Fv2%2Fcomments&post=935"}],"version-history":[{"count":1,"href":"http:\/\/www.francois-couturier.fr\/index.php?rest_route=\/wp\/v2\/pages\/935\/revisions"}],"predecessor-version":[{"id":2718,"href":"http:\/\/www.francois-couturier.fr\/index.php?rest_route=\/wp\/v2\/pages\/935\/revisions\/2718"}],"up":[{"embeddable":true,"href":"http:\/\/www.francois-couturier.fr\/index.php?rest_route=\/wp\/v2\/pages\/61"}],"wp:attachment":[{"href":"http:\/\/www.francois-couturier.fr\/index.php?rest_route=%2Fwp%2Fv2%2Fmedia&parent=935"}],"curies":[{"name":"wp","href":"https:\/\/api.w.org\/{rel}","templated":true}]}}