{"id":545,"date":"2011-02-16T20:00:05","date_gmt":"2011-02-16T20:00:05","guid":{"rendered":"http:\/\/www.francois-couturier.fr\/?page_id=545"},"modified":"2017-06-30T11:51:59","modified_gmt":"2017-06-30T11:51:59","slug":"solo-un-jour-si-blanc","status":"publish","type":"page","link":"http:\/\/www.francois-couturier.fr\/?page_id=545","title":{"rendered":"&#8211;  Solo \u00a0\u00bb Un jour si blanc \u00ab\u00a0"},"content":{"rendered":"<p>&nbsp;<\/p>\n<style>@font-face {<br \/>  font-family: \"Arial\";<br \/>}p.MsoNormal, li.MsoNormal, div.MsoNormal { margin: 0cm 0cm 0.0001pt; font-size: 12pt; font-family: \"Times New Roman\"; }h1 { margin: 12pt 0cm 3pt; page-break-after: avoid; font-size: 16pt; font-family: \"Times New Roman\"; }span.Titre1Car { font-family: Arial; font-weight: bold; }div.Section1 { page: Section1; }<\/style>\n<p>&nbsp;<\/p>\n<p>&nbsp;<\/p>\n<p class=\"MsoNormal\" style=\"text-align: center;\" align=\"center\"><a href=\"http:\/\/www.francois-couturier.fr\/wp-content\/uploads\/2011\/01\/POCHETTE-SOLO.jpg\"><img loading=\"lazy\" decoding=\"async\" class=\"alignleft size-medium wp-image-638\" title=\"POCHETTE SOLO\" src=\"http:\/\/www.francois-couturier.fr\/wp-content\/uploads\/2011\/01\/POCHETTE-SOLO-300x267.jpg\" alt=\"\" width=\"300\" height=\"267\" align=\"left\" srcset=\"http:\/\/www.francois-couturier.fr\/wp-content\/uploads\/2011\/01\/POCHETTE-SOLO-300x267.jpg 300w, http:\/\/www.francois-couturier.fr\/wp-content\/uploads\/2011\/01\/POCHETTE-SOLO.jpg 795w\" sizes=\"(max-width: 300px) 100vw, 300px\" \/><\/a><\/p>\n<p class=\"MsoNormal\" style=\"text-align: center;\" align=\"center\"><span style=\"font-size: 18px;\"><b><span style=\"font-family: Arial;\">Fran\u00e7ois Couturier: piano solo<br \/>\n<\/span><\/b><\/span><\/p>\n<p class=\"MsoNormal\" style=\"text-align: center;\" align=\"center\"><span style=\"font-size: 12px;\"><b><span style=\"font-family: Arial;\">CD ECM 270\u00a0268-9<\/span><\/b><\/span><\/p>\n<p class=\"MsoNormal\"><span style=\"font-size: 12px;\"><span style=\"font-family: arial,helvetica,sans-serif;\"><span style=\"font-size: 11px;\"><span style=\"font-family: comic sans ms,cursive;\"><span style=\"font-weight: normal;\">\u00a0<\/span><\/span><\/span><\/span><\/span><\/p>\n<p>&nbsp;<\/p>\n<p>&nbsp;<\/p>\n<p>&nbsp;<\/p>\n<p>&nbsp;<\/p>\n<p>&nbsp;<\/p>\n<p class=\"MsoNormal\"><a href=\"http:\/\/www.francois-couturier.fr\/wp-content\/uploads\/2011\/02\/Interview-Jazz-Magazine.pdf\">\u00a0 <\/a><a href=\"http:\/\/www.francois-couturier.fr\/wp-content\/uploads\/2011\/02\/Pr\u00e9sentation-FC-solo1.pdf\">Pr\u00e9sentation \u00ab\u00a0Un jour si blanc\u00a0\u00bb<br \/>\n<\/a><\/p>\n<p class=\"MsoNormal\"><a href=\"http:\/\/player.ecmrecords.com\/couturier#\">\u00a0 Lien \u00a0\u00bb Ecm Player \u00a0\u00bb<br \/>\n<\/a><\/p>\n<p>&nbsp;<\/p>\n<p><span style=\"font-size: 14px;\"><span style=\"color: #000000;\"><span style=\"font-family: arial,helvetica,sans-serif;\"><span style=\"font-family: comic sans ms,cursive;\"><span style=\"font-weight: normal;\">\u00ab\u00a0Je vois ce disque comme une promenade tranquille qui irait de l\u2019aurore au cr\u00e9puscule dans un monde id\u00e9al o\u00f9 les fragrances, les couleurs et les sons entreraient dans un r\u00e9seau\u00a0\u00a0\u00a0\u00a0 mouvant de correspondances\u2026Il se divise en dix-sept pi\u00e8ces comme autant d\u2019impressions intimes, la plupart improvis\u00e9es, qui d\u00e9clinent tout une gamme de nuances allant du calme \u00e0\u00a0 l\u2019imp\u00e9tueux, du m\u00e9lodique \u00e0 l\u2019abstraction.\u00a0\u00bb<\/span><\/span><\/span><\/span><\/span><\/p>\n<p class=\"MsoNormal\" style=\"text-align: center;\" align=\"center\"><span style=\"color: #afeeee;\"><a href=\"http:\/\/www.francois-couturier.fr\/wp-content\/uploads\/2011\/02\/Pr\u00e9sentation-FC-solo.pdf\"><br \/>\n<\/a><\/span><\/p>\n<p class=\"MsoNormal\" style=\"text-align: center;\"><span style=\"font-size: 16px;\"><a href=\"http:\/\/www.francois-couturier.fr\/wp-content\/uploads\/2011\/02\/Presse-Un-jour-si-blanc.pdf\">Presse \u00ab\u00a0Un jour si blanc\u00a0\u00bb<\/a><\/span><\/p>\n<p>&nbsp;<\/p>\n<p>&nbsp;<\/p>\n<p>&nbsp;<\/p>\n<p class=\"MsoNormal\" style=\"text-align: center;\"><a href=\"http:\/\/www.francois-couturier.fr\/wp-content\/uploads\/2011\/02\/FC2.jpg\"><img loading=\"lazy\" decoding=\"async\" class=\"alignright size-medium wp-image-979\" title=\"FC\" src=\"http:\/\/www.francois-couturier.fr\/wp-content\/uploads\/2011\/02\/FC2-300x199.jpg\" alt=\"\" width=\"230\" height=\"153\" align=\"right\" srcset=\"http:\/\/www.francois-couturier.fr\/wp-content\/uploads\/2011\/02\/FC2-300x199.jpg 300w, http:\/\/www.francois-couturier.fr\/wp-content\/uploads\/2011\/02\/FC2.jpg 850w\" sizes=\"(max-width: 230px) 100vw, 230px\" \/><\/a><\/p>\n<p>&nbsp;<\/p>\n<p>&nbsp;<\/p>\n<p>&nbsp;<\/p>\n<p>&nbsp;<\/p>\n<p class=\"MsoNormal\" style=\"text-align: right;\"><span style=\"font-size: 9px;\">(c)Jean-Baptiste Millot<\/span><\/p>\n<p>&nbsp;<\/p>\n<p>&nbsp;<\/p>\n<p class=\"MsoNormal\" style=\"text-align: center;\"><a href=\"http:\/\/www.citizenjazz.com\/Francois-Couturier,3463718.html\">\u00a0\u00a0\u00a0\u00a0\u00a0\u00a0\u00a0\u00a0\u00a0\u00a0\u00a0\u00a0\u00a0\u00a0\u00a0\u00a0\u00a0\u00a0 <\/a><a href=\"http:\/\/www.francois-couturier.fr\/wp-content\/uploads\/2011\/02\/Interview-Jazz-Magazine.pdf\">Interview Jazz Magazine<\/a><\/p>\n<p class=\"MsoNormal\" style=\"text-align: center;\"><a href=\"http:\/\/www.citizenjazz.com\/Francois-Couturier,3463718.html\"> Interview de Fran\u00e7ois Couturier sur le site Citizen Jazz<br \/>\n<\/a><\/p>\n<p>&nbsp;<\/p>\n<p class=\"MsoNormal\" style=\"text-align: center;\"><a href=\"http:\/\/www.francois-couturier.fr\/wp-content\/uploads\/2011\/02\/photo_salle.jpg\"><img loading=\"lazy\" decoding=\"async\" class=\"alignleft size-medium wp-image-1136\" title=\"photo_salle\" src=\"http:\/\/www.francois-couturier.fr\/wp-content\/uploads\/2011\/02\/photo_salle-300x199.jpg\" alt=\"\" width=\"350\" height=\"232\" align=\"left\" srcset=\"http:\/\/www.francois-couturier.fr\/wp-content\/uploads\/2011\/02\/photo_salle-300x199.jpg 300w, http:\/\/www.francois-couturier.fr\/wp-content\/uploads\/2011\/02\/photo_salle.jpg 620w\" sizes=\"(max-width: 350px) 100vw, 350px\" \/><\/a><\/p>\n<p class=\"MsoNormal\"><span style=\"font-family: arial,helvetica,sans-serif;\"><span style=\"color: #add8e6;\"><span style=\"font-size: 14px;\"><br \/>\n<\/span><\/span><\/span><\/p>\n<p>&nbsp;<\/p>\n<p class=\"MsoNormal\" style=\"text-align: center;\"><span style=\"font-size: 14px;\"><span style=\"font-family: arial,helvetica,sans-serif;\"><br \/>\n<\/span><\/span><\/p>\n","protected":false},"excerpt":{"rendered":"<p>&nbsp; &nbsp; &nbsp; Fran\u00e7ois Couturier: piano solo CD ECM 270\u00a0268-9 \u00a0 &nbsp; &nbsp; &nbsp; &nbsp; &nbsp; \u00a0 Pr\u00e9sentation \u00ab\u00a0Un jour si blanc\u00a0\u00bb \u00a0 Lien \u00a0\u00bb Ecm Player \u00a0\u00bb &nbsp; \u00ab\u00a0Je vois ce disque comme une promenade tranquille qui irait de l\u2019aurore au cr\u00e9puscule dans un monde id\u00e9al o\u00f9 les fragrances, les couleurs et les sons &hellip; <\/p>\n<p class=\"link-more\"><a href=\"http:\/\/www.francois-couturier.fr\/?page_id=545\" class=\"more-link\">Continuer la lecture<span class=\"screen-reader-text\"> de &laquo;&nbsp;&#8211;  Solo \u00a0\u00bb Un jour si blanc \u00ab\u00a0&nbsp;&raquo;<\/span><\/a><\/p>\n","protected":false},"author":1,"featured_media":0,"parent":61,"menu_order":1,"comment_status":"closed","ping_status":"open","template":"","meta":{"footnotes":""},"jetpack_sharing_enabled":true,"_links":{"self":[{"href":"http:\/\/www.francois-couturier.fr\/index.php?rest_route=\/wp\/v2\/pages\/545"}],"collection":[{"href":"http:\/\/www.francois-couturier.fr\/index.php?rest_route=\/wp\/v2\/pages"}],"about":[{"href":"http:\/\/www.francois-couturier.fr\/index.php?rest_route=\/wp\/v2\/types\/page"}],"author":[{"embeddable":true,"href":"http:\/\/www.francois-couturier.fr\/index.php?rest_route=\/wp\/v2\/users\/1"}],"replies":[{"embeddable":true,"href":"http:\/\/www.francois-couturier.fr\/index.php?rest_route=%2Fwp%2Fv2%2Fcomments&post=545"}],"version-history":[{"count":5,"href":"http:\/\/www.francois-couturier.fr\/index.php?rest_route=\/wp\/v2\/pages\/545\/revisions"}],"predecessor-version":[{"id":2802,"href":"http:\/\/www.francois-couturier.fr\/index.php?rest_route=\/wp\/v2\/pages\/545\/revisions\/2802"}],"up":[{"embeddable":true,"href":"http:\/\/www.francois-couturier.fr\/index.php?rest_route=\/wp\/v2\/pages\/61"}],"wp:attachment":[{"href":"http:\/\/www.francois-couturier.fr\/index.php?rest_route=%2Fwp%2Fv2%2Fmedia&parent=545"}],"curies":[{"name":"wp","href":"https:\/\/api.w.org\/{rel}","templated":true}]}}