{"id":4,"date":"2010-11-26T09:36:14","date_gmt":"2010-11-26T09:36:14","guid":{"rendered":"http:\/\/www.francois-couturier.fr\/?page_id=4"},"modified":"2017-07-04T14:02:22","modified_gmt":"2017-07-04T14:02:22","slug":"biographie","status":"publish","type":"page","link":"http:\/\/www.francois-couturier.fr\/?page_id=4","title":{"rendered":"M\u00e9diath\u00e8que"},"content":{"rendered":"<div style=\"width: 525px;\" class=\"wp-video\"><!--[if lt IE 9]><script>document.createElement('video');<\/script><![endif]-->\n<video class=\"wp-video-shortcode\" id=\"video-4-1\" width=\"525\" height=\"295\" preload=\"metadata\" controls=\"controls\"><source type=\"video\/mp4\" src=\"http:\/\/www.francois-couturier.fr\/wp-content\/uploads\/2017\/06\/Tarkovsky-Quartet-\u2013-Vertigo-1.mp4?_=1\" \/><a href=\"http:\/\/www.francois-couturier.fr\/wp-content\/uploads\/2017\/06\/Tarkovsky-Quartet-\u2013-Vertigo-1.mp4\">http:\/\/www.francois-couturier.fr\/wp-content\/uploads\/2017\/06\/Tarkovsky-Quartet-\u2013-Vertigo-1.mp4<\/a><\/video><\/div>\n<h1><span style=\"font-size: 20px;\"><iframe loading=\"lazy\"  id=\"_ytid_86948\" width=\"525\" height=\"295\" src=\"https:\/\/www.youtube.com\/embed\/g6PQO8MKb3Y?enablejsapi=1&autoplay=0&cc_load_policy=0&iv_load_policy=1&loop=0&modestbranding=0&rel=1&showinfo=1&theme=dark&color=red&autohide=2&controls=2&playsinline=0&\" class=\"__youtube_prefs__\" allowfullscreen data-no-lazy=\"1\" data-skipgform_ajax_framebjll=\"\"><\/iframe><iframe loading=\"lazy\"  id=\"_ytid_39673\" width=\"525\" height=\"295\" src=\"https:\/\/www.youtube.com\/embed\/DIuT_NCeCtw?enablejsapi=1&autoplay=0&cc_load_policy=0&iv_load_policy=1&loop=0&modestbranding=0&rel=1&showinfo=1&theme=dark&color=red&autohide=2&controls=2&playsinline=0&\" class=\"__youtube_prefs__\" allowfullscreen data-no-lazy=\"1\" data-skipgform_ajax_framebjll=\"\"><\/iframe>Vid\u00e9os <\/span><\/h1>\n<iframe loading=\"lazy\"  id=\"_ytid_56019\" width=\"525\" height=\"295\" src=\"https:\/\/www.youtube.com\/embed\/RwEWv76gDK8?enablejsapi=1&autoplay=0&cc_load_policy=0&iv_load_policy=1&loop=0&modestbranding=0&rel=1&showinfo=1&theme=dark&color=red&autohide=2&controls=2&playsinline=0&\" class=\"__youtube_prefs__\" allowfullscreen data-no-lazy=\"1\" data-skipgform_ajax_framebjll=\"\"><\/iframe>\n<h3>Pr\u00e9sentation de la cr\u00e9ation audiovisuelle<\/h3>\n<p><iframe loading=\"lazy\" src=\"http:\/\/player.vimeo.com\/video\/68772527\" width=\"625\" height=\"360\" frameborder=\"0\" allowfullscreen=\"allowfullscreen\"><\/iframe><\/p>\n<p>&nbsp;<\/p>\n<p><iframe loading=\"lazy\" src=\"\/\/www.youtube.com\/embed\/8C_d2AKNI18\" width=\"560\" height=\"315\" frameborder=\"0\" allowfullscreen=\"allowfullscreen\"><\/iframe><\/p>\n","protected":false},"excerpt":{"rendered":"<p>Vid\u00e9os Pr\u00e9sentation de la cr\u00e9ation audiovisuelle &nbsp;<\/p>\n","protected":false},"author":1,"featured_media":0,"parent":0,"menu_order":7,"comment_status":"closed","ping_status":"open","template":"","meta":{"footnotes":""},"jetpack_sharing_enabled":true,"_links":{"self":[{"href":"http:\/\/www.francois-couturier.fr\/index.php?rest_route=\/wp\/v2\/pages\/4"}],"collection":[{"href":"http:\/\/www.francois-couturier.fr\/index.php?rest_route=\/wp\/v2\/pages"}],"about":[{"href":"http:\/\/www.francois-couturier.fr\/index.php?rest_route=\/wp\/v2\/types\/page"}],"author":[{"embeddable":true,"href":"http:\/\/www.francois-couturier.fr\/index.php?rest_route=\/wp\/v2\/users\/1"}],"replies":[{"embeddable":true,"href":"http:\/\/www.francois-couturier.fr\/index.php?rest_route=%2Fwp%2Fv2%2Fcomments&post=4"}],"version-history":[{"count":6,"href":"http:\/\/www.francois-couturier.fr\/index.php?rest_route=\/wp\/v2\/pages\/4\/revisions"}],"predecessor-version":[{"id":2885,"href":"http:\/\/www.francois-couturier.fr\/index.php?rest_route=\/wp\/v2\/pages\/4\/revisions\/2885"}],"wp:attachment":[{"href":"http:\/\/www.francois-couturier.fr\/index.php?rest_route=%2Fwp%2Fv2%2Fmedia&parent=4"}],"curies":[{"name":"wp","href":"https:\/\/api.w.org\/{rel}","templated":true}]}}