{"id":2418,"date":"2016-08-30T22:58:11","date_gmt":"2016-08-30T22:58:11","guid":{"rendered":"http:\/\/www.francois-couturier.fr\/?page_id=2418"},"modified":"2017-06-30T11:56:23","modified_gmt":"2017-06-30T11:56:23","slug":"trio","status":"publish","type":"page","link":"http:\/\/www.francois-couturier.fr\/?page_id=2418","title":{"rendered":"&#8211; Trio Liberamente"},"content":{"rendered":"<div class=\"vis pos size-211 cont-14\">\n<div class=\"pos-208 section-2\">\n<div class=\"vis pos-125 size-226 cont-3\">\n<div class=\"vis pos-221 size-215 cont-26\">\n<div class=\"vis pos-222 size-227 cont-20\"><a href=\"http:\/\/www.francois-couturier.fr\/wp-content\/uploads\/2016\/08\/Trio-Liberamente-1.jpg\"><img loading=\"lazy\" decoding=\"async\" class=\"alignleft size-medium wp-image-2485\" src=\"http:\/\/www.francois-couturier.fr\/wp-content\/uploads\/2016\/08\/Trio-Liberamente-1-300x212.jpg\" alt=\"Trio &quot;Liberamente&quot; [1]\" width=\"300\" height=\"212\" srcset=\"http:\/\/www.francois-couturier.fr\/wp-content\/uploads\/2016\/08\/Trio-Liberamente-1-300x212.jpg 300w, http:\/\/www.francois-couturier.fr\/wp-content\/uploads\/2016\/08\/Trio-Liberamente-1-1024x723.jpg 1024w, http:\/\/www.francois-couturier.fr\/wp-content\/uploads\/2016\/08\/Trio-Liberamente-1.jpg 1180w\" sizes=\"(max-width: 300px) 100vw, 300px\" \/><\/a><\/div>\n<div class=\"vis pos-223 size-219 cont-27\">\n<div class=\"cont-3\">\n<p class=\"para-37\"><span class=\"font-58\"><br \/>\n<\/span><\/p>\n<\/div>\n<\/div>\n<div class=\"vis pos-224 size-228 cont-3\">\n<div class=\"vis pos-225 size-229 cont-30\"><\/div>\n<div class=\"vis pos-226 size-230 colwrapper\">\n<div class=\"vis pos-11 size-231 cont-23\">\n<div class=\"cont-3\">\n<p class=\"para-43\"><span class=\"font-66\"><br \/>\n<\/span><\/p>\n<p>&nbsp;<\/p>\n<p>&nbsp;<\/p>\n<p>&nbsp;<\/p>\n<p class=\"para-43\"><span class=\"font-67\">Anja Lechner: violoncelle<\/span><span class=\"font-66\">\u00a0<\/span><\/p>\n<p class=\"para-43\"><span class=\"font-67\">Mona Matbou Riahi: clarinettes<\/span><span class=\"font-66\">\u00a0<\/span><\/p>\n<p class=\"para-43\"><span class=\"font-67\">Fran\u00e7ois Couturier; piano<\/span><span class=\"font-66\">\u00a0<\/span><\/p>\n<\/div>\n<p>&nbsp;<\/p>\n<div class=\"cont-3\">\n<p class=\"para-43\"><span class=\"font-66\">\u00a0<\/span><\/p>\n<p class=\"para-44\"><span class=\"font-68\">La musique de Gurdjieff refl\u00e8te ses p\u00e9riples au travers du Moyen Orient, l&rsquo;Asie Mineure et les Balkans. <\/span><\/p>\n<p class=\"para-44\"><span class=\"font-68\">\u00a0L\u2019occasion du 150<\/span><span class=\"font-68\">\u00e8me<\/span><span class=\"font-68\">\u00a0anniversaire de la naissance de Gurdjieff en 2016, Anja Lechner et Fran\u00e7ois Couturier ont pr\u00e9par\u00e9 un nouveau programme\u00a0\u00a0enti\u00e8rement bas\u00e9 sur son \u0153uvre musicale qu&rsquo;ils se sont r\u00e9appropri\u00e9e avec leurs propres sensibilit\u00e9s.<\/span><\/p>\n<p class=\"para-44\"><span class=\"font-68\">La jeune clarinettiste iranienne Mona Matbou Riahi qui vient de sortir un Cd chez Ecm, s\u2019est associ\u00e9 \u00e0 ce nouveau projet avec brio.<\/span><\/p>\n<p class=\"para-44\"><span class=\"font-68\">\u00a0\u201cModerato Cantabile\u201d (ECM 2014) associait \u00e0 la musique de Gurdjieff certaines pi\u00e8ces de Komitas et de Mompou, elles aussi empreintes de spiritualit\u00e9. <\/span><\/p>\n<p class=\"para-44\"><span class=\"font-69\">\u00a0<\/span><span class=\"font-68\">Les arrangements d&rsquo;Anja Lechner pour violoncelle et piano de la musique de \u00ab\u00a0Chants, Hymns and Dances\u00a0\u00bb (ECM, 2004) l&rsquo;avaient fait conna\u00eetre \u00e0 un niveau international.<\/span><\/p>\n<\/div>\n<\/div>\n<div class=\"vis pos-227 size-232 cont-28\"><img decoding=\"async\" class=\"js-29 img-53\" src=\"http:\/\/www.agence-enscene.com\/images\/gurdjieff-159.jpg\" alt=\"\" \/><\/div>\n<div class=\"vis pos-228 size-233 cont-3\">\n<div class=\"vis pos-11 size-234 cont-29\"><\/div>\n<div class=\"vis pos-229 size-235 cont-32\"><\/div>\n<\/div>\n<\/div>\n<\/div>\n<\/div>\n<\/div>\n<\/div>\n<\/div>\n<p>&nbsp;<\/p>\n<p>&nbsp;<\/p>\n<p>&nbsp;<\/p>\n<p>&nbsp;<\/p>\n<p>&nbsp;<\/p>\n<p>&nbsp;<\/p>\n<p>&nbsp;<\/p>\n<p>&nbsp;<\/p>\n<p>&nbsp;<\/p>\n<p>&nbsp;<\/p>\n<p>&nbsp;<\/p>\n<p>&nbsp;<\/p>\n<p>&nbsp;<\/p>\n<p>&nbsp;<\/p>\n<p>&nbsp;<\/p>\n<p>&nbsp;<\/p>\n<p>&nbsp;<\/p>\n<p>&nbsp;<\/p>\n<p>&nbsp;<\/p>\n<p>&nbsp;<\/p>\n<p>&nbsp;<\/p>\n<p>&nbsp;<\/p>\n<p>&nbsp;<\/p>\n<p>&nbsp;<\/p>\n<p>&nbsp;<\/p>\n<div class=\"pos-220 section-2\"><\/div>\n<p>&nbsp;<\/p>\n<p>&nbsp;<\/p>\n<p>&nbsp;<\/p>\n<p>&nbsp;<\/p>\n<p>&nbsp;<\/p>\n<p>&nbsp;<\/p>\n<p>&nbsp;<\/p>\n<p>&nbsp;<\/p>\n<p>&nbsp;<\/p>\n<p>&nbsp;<\/p>\n<p>&nbsp;<\/p>\n<p>&nbsp;<\/p>\n<p>&nbsp;<\/p>\n","protected":false},"excerpt":{"rendered":"<p>&nbsp; &nbsp; &nbsp; Anja Lechner: violoncelle\u00a0 Mona Matbou Riahi: clarinettes\u00a0 Fran\u00e7ois Couturier; piano\u00a0 &nbsp; \u00a0 La musique de Gurdjieff refl\u00e8te ses p\u00e9riples au travers du Moyen Orient, l&rsquo;Asie Mineure et les Balkans. \u00a0L\u2019occasion du 150\u00e8me\u00a0anniversaire de la naissance de Gurdjieff en 2016, Anja Lechner et Fran\u00e7ois Couturier ont pr\u00e9par\u00e9 un nouveau programme\u00a0\u00a0enti\u00e8rement bas\u00e9 sur son &hellip; <\/p>\n<p class=\"link-more\"><a href=\"http:\/\/www.francois-couturier.fr\/?page_id=2418\" class=\"more-link\">Continuer la lecture<span class=\"screen-reader-text\"> de &laquo;&nbsp;&#8211; Trio Liberamente&nbsp;&raquo;<\/span><\/a><\/p>\n","protected":false},"author":1,"featured_media":0,"parent":61,"menu_order":3,"comment_status":"closed","ping_status":"closed","template":"","meta":{"footnotes":""},"jetpack_sharing_enabled":true,"_links":{"self":[{"href":"http:\/\/www.francois-couturier.fr\/index.php?rest_route=\/wp\/v2\/pages\/2418"}],"collection":[{"href":"http:\/\/www.francois-couturier.fr\/index.php?rest_route=\/wp\/v2\/pages"}],"about":[{"href":"http:\/\/www.francois-couturier.fr\/index.php?rest_route=\/wp\/v2\/types\/page"}],"author":[{"embeddable":true,"href":"http:\/\/www.francois-couturier.fr\/index.php?rest_route=\/wp\/v2\/users\/1"}],"replies":[{"embeddable":true,"href":"http:\/\/www.francois-couturier.fr\/index.php?rest_route=%2Fwp%2Fv2%2Fcomments&post=2418"}],"version-history":[{"count":2,"href":"http:\/\/www.francois-couturier.fr\/index.php?rest_route=\/wp\/v2\/pages\/2418\/revisions"}],"predecessor-version":[{"id":2804,"href":"http:\/\/www.francois-couturier.fr\/index.php?rest_route=\/wp\/v2\/pages\/2418\/revisions\/2804"}],"up":[{"embeddable":true,"href":"http:\/\/www.francois-couturier.fr\/index.php?rest_route=\/wp\/v2\/pages\/61"}],"wp:attachment":[{"href":"http:\/\/www.francois-couturier.fr\/index.php?rest_route=%2Fwp%2Fv2%2Fmedia&parent=2418"}],"curies":[{"name":"wp","href":"https:\/\/api.w.org\/{rel}","templated":true}]}}